{"id":13,"date":"2016-03-16T09:07:45","date_gmt":"2016-03-16T08:07:45","guid":{"rendered":"https:\/\/cabo-energy.de\/?page_id=13"},"modified":"2018-08-03T15:11:07","modified_gmt":"2018-08-03T13:11:07","slug":"kontakt","status":"publish","type":"page","link":"https:\/\/cabo-energy.de\/?page_id=13","title":{"rendered":"Kontakt"},"content":{"rendered":"<div class=\"fusion-fullwidth fullwidth-box fusion-builder-row-1 hundred-percent-fullwidth non-hundred-percent-height-scrolling\"  style='background-color: rgba(255,255,255,0);background-position: center center;background-repeat: no-repeat;padding-top:0px;padding-right:0px;padding-bottom:0px;padding-left:0px;'><div class=\"fusion-builder-row fusion-row \"><div  class=\"fusion-layout-column fusion_builder_column fusion_builder_column_1_2 fusion-builder-column-0 fusion-one-half fusion-column-first 1_2\"  style='margin-top:0px;margin-bottom:20px;width:48%; margin-right: 4%;'><div class=\"fusion-column-wrapper\" style=\"background-position:left top;background-repeat:no-repeat;-webkit-background-size:cover;-moz-background-size:cover;-o-background-size:cover;background-size:cover;\"   data-bg-url=\"\"><div class=\"fusion-text\"><div role=\"form\" class=\"wpcf7\" id=\"wpcf7-f47-o1\" lang=\"de-DE\" dir=\"ltr\">\n<div class=\"screen-reader-response\"><p role=\"status\" aria-live=\"polite\" aria-atomic=\"true\"><\/p> <ul><\/ul><\/div>\n<form action=\"\/index.php?rest_route=%2Fwp%2Fv2%2Fpages%2F13#wpcf7-f47-o1\" method=\"post\" class=\"wpcf7-form init wpcf7-acceptance-as-validation\" novalidate=\"novalidate\" data-status=\"init\">\n<div style=\"display: none;\">\n<input type=\"hidden\" name=\"_wpcf7\" value=\"47\" \/>\n<input type=\"hidden\" name=\"_wpcf7_version\" value=\"5.6.4\" \/>\n<input type=\"hidden\" name=\"_wpcf7_locale\" value=\"de_DE\" \/>\n<input type=\"hidden\" name=\"_wpcf7_unit_tag\" value=\"wpcf7-f47-o1\" \/>\n<input type=\"hidden\" name=\"_wpcf7_container_post\" value=\"0\" \/>\n<input type=\"hidden\" name=\"_wpcf7_posted_data_hash\" value=\"\" \/>\n<\/div>\n<p>Ihr Name (Pflichtfeld)<br \/>\n    <span class=\"wpcf7-form-control-wrap\" data-name=\"your-name\"><input type=\"text\" name=\"your-name\" value=\"\" size=\"40\" class=\"wpcf7-form-control wpcf7-text wpcf7-validates-as-required\" aria-required=\"true\" aria-invalid=\"false\" \/><\/span> <\/p>\n<p>Ihre E-Mail-Adresse (Pflichtfeld)<br \/>\n    <span class=\"wpcf7-form-control-wrap\" data-name=\"your-email\"><input type=\"email\" name=\"your-email\" value=\"\" size=\"40\" class=\"wpcf7-form-control wpcf7-text wpcf7-email wpcf7-validates-as-required wpcf7-validates-as-email\" aria-required=\"true\" aria-invalid=\"false\" \/><\/span> <\/p>\n<p>Betreff (Pflichtfeld)<br \/>\n    <span class=\"wpcf7-form-control-wrap\" data-name=\"your-subject\"><input type=\"text\" name=\"your-subject\" value=\"\" size=\"40\" class=\"wpcf7-form-control wpcf7-text wpcf7-validates-as-required\" aria-required=\"true\" aria-invalid=\"false\" \/><\/span> <\/p>\n<p>Ihre Nachricht<br \/>\n    <span class=\"wpcf7-form-control-wrap\" data-name=\"your-message\"><textarea name=\"your-message\" cols=\"40\" rows=\"10\" class=\"wpcf7-form-control wpcf7-textarea\" aria-invalid=\"false\"><\/textarea><\/span> <\/p>\n<p><span class=\"wpcf7-form-control-wrap\" data-name=\"your-consent\"><span class=\"wpcf7-form-control wpcf7-acceptance\"><span class=\"wpcf7-list-item\"><label><input type=\"checkbox\" name=\"your-consent\" value=\"1\" aria-invalid=\"false\" \/><span class=\"wpcf7-list-item-label\">Hiermit best\u00e4tige ich, dass die hier \u00fcbermittelten Daten sowie die pers\u00f6nliche IP bei uns gespeichert werden d\u00fcrfen. Weitere Informationen finden Sie in unserer Datenschutzerkl\u00e4rung.<\/span><\/label><\/span><\/span><\/span><\/p>\n<p>Spam-Schutz<br \/>\n   [recaptcha]<\/p>\n<p><\/p>\n<p><input type=\"submit\" value=\"Senden\" class=\"wpcf7-form-control has-spinner wpcf7-submit\" \/><\/p>\n<div class=\"fusion-alert alert custom alert-custom fusion-alert-center wpcf7-response-output fusion-alert-capitalize alert-dismissable\" style=\"border-width:1px;\"><button type=\"button\" class=\"close toggle-alert\" data-dismiss=\"alert\" aria-hidden=\"true\">&times;<\/button><div class=\"fusion-alert-content-wrapper\"><span class=\"fusion-alert-content\"><\/span><\/div><\/div><\/form><\/div>\n<\/div><div class=\"fusion-clearfix\"><\/div><\/div><\/div><div  class=\"fusion-layout-column fusion_builder_column fusion_builder_column_1_2 fusion-builder-column-1 fusion-one-half fusion-column-last 1_2\"  style='margin-top:0px;margin-bottom:20px;width:48%'><div class=\"fusion-column-wrapper\" style=\"background-position:left top;background-repeat:no-repeat;-webkit-background-size:cover;-moz-background-size:cover;-o-background-size:cover;background-size:cover;\"   data-bg-url=\"\">\r\n<div class=\"huge_it_google_map_container\">\r\n    <div id=\"huge_it_google_map_8760\" data-map_id=\"1\"\r\n         class=\"huge_it_google_map\" style=\"\r\n    position:relative !important;\r\n    height:280px;\r\n    width:80%;\r\n    border-radius:0px;\r\n    margin:0px auto;\"\r\n         data-name=\"Cabo Energy GmbH\"\r\n         data-type=\"ROADMAP\"\r\n         data-zoom=\"16\"\r\n         data-min-zoom=\"3\"\r\n         data-max-zoom=\"21\"\r\n         data-border-radius=\"0\"\r\n         data-center-lat=\"51.45663\"\r\n         data-center-lng=\"6.9989860000001\"\r\n         data-pan-controller=\"1\"\r\n         data-zoom-controller=\"1\"\r\n         data-type-controller=\"1\"\r\n         data-scale-controller=\"1\"\r\n         data-street-view-controller=\"1\"\r\n         data-overview-map-controller=\"1\"\r\n         data-width=\"80\"\r\n         data-height=\"280\"\r\n         data-align=\"center\"\r\n         data-info-type=\"click\"\r\n         data-open-infowindows-onload=\"1\"\r\n         data-animation=\"none\"\r\n         data-language=\"location based\"\r\n         data-draggable=\"0\"\r\n         data-wheel-scroll=\"0\"\r\n         data-traffic-layer=\"0\"\r\n         data-bike-layer=\"0\"\r\n         data-transit-layer=\"0\"\r\n         data-styling-hue=\"\"\r\n         data-styling-lightness=\"0\"\r\n         data-styling-gamma=\"1\"\r\n         data-styling-saturation=\"0\"><\/div>\r\n<\/div>\r\n<div class=\"fusion-clearfix\"><\/div><\/div><\/div><div  class=\"fusion-layout-column fusion_builder_column fusion_builder_column_1_1 fusion-builder-column-2 fusion-one-full fusion-column-first fusion-column-last fusion-column-no-min-height 1_1\"  style='margin-top:0px;margin-bottom:0px;'><div class=\"fusion-column-wrapper\" style=\"background-position:left top;background-repeat:no-repeat;-webkit-background-size:cover;-moz-background-size:cover;-o-background-size:cover;background-size:cover;\"   data-bg-url=\"\"><div class=\"fusion-text\"><p>\u00a0<\/p>\n<\/div><div class=\"fusion-clearfix\"><\/div><\/div><\/div><\/div><\/div>\n","protected":false},"excerpt":{"rendered":"","protected":false},"author":1,"featured_media":0,"parent":0,"menu_order":0,"comment_status":"closed","ping_status":"closed","template":"","meta":[],"_links":{"self":[{"href":"https:\/\/cabo-energy.de\/index.php?rest_route=\/wp\/v2\/pages\/13"}],"collection":[{"href":"https:\/\/cabo-energy.de\/index.php?rest_route=\/wp\/v2\/pages"}],"about":[{"href":"https:\/\/cabo-energy.de\/index.php?rest_route=\/wp\/v2\/types\/page"}],"author":[{"embeddable":true,"href":"https:\/\/cabo-energy.de\/index.php?rest_route=\/wp\/v2\/users\/1"}],"replies":[{"embeddable":true,"href":"https:\/\/cabo-energy.de\/index.php?rest_route=%2Fwp%2Fv2%2Fcomments&post=13"}],"version-history":[{"count":20,"href":"https:\/\/cabo-energy.de\/index.php?rest_route=\/wp\/v2\/pages\/13\/revisions"}],"predecessor-version":[{"id":199,"href":"https:\/\/cabo-energy.de\/index.php?rest_route=\/wp\/v2\/pages\/13\/revisions\/199"}],"wp:attachment":[{"href":"https:\/\/cabo-energy.de\/index.php?rest_route=%2Fwp%2Fv2%2Fmedia&parent=13"}],"curies":[{"name":"wp","href":"https:\/\/api.w.org\/{rel}","templated":true}]}}